{"id":204,"date":"2020-08-21T10:25:59","date_gmt":"2020-08-21T08:25:59","guid":{"rendered":"https:\/\/fluteservice.velian.de\/?page_id=204"},"modified":"2020-08-21T10:34:25","modified_gmt":"2020-08-21T08:34:25","slug":"datenschutzerklaerung","status":"publish","type":"page","link":"https:\/\/fluteservice.de\/en\/datenschutzerklaerung\/","title":{"rendered":"Privacy Policy"},"content":{"rendered":"[et_pb_section fb_built=&#8220;1&#8243; admin_label=&#8220;Imprint&#8220; _builder_version=&#8220;3.22&#8243; background_size=&#8220;initial&#8220; background_position=&#8220;bottom_right&#8220; module_alignment=&#8220;right&#8220; custom_margin=&#8220;||||false&#8220; custom_padding=&#8220;120px||120px||true&#8220; da_disable_devices=&#8220;off|off|off&#8220; locked=&#8220;off&#8220; collapsed=&#8220;off&#8220; da_is_popup=&#8220;off&#8220; da_exit_intent=&#8220;off&#8220; da_has_close=&#8220;on&#8220; da_alt_close=&#8220;off&#8220; da_dark_close=&#8220;off&#8220; da_not_modal=&#8220;on&#8220; da_is_singular=&#8220;off&#8220; da_with_loader=&#8220;off&#8220; da_has_shadow=&#8220;on&#8220;][et_pb_row admin_label=&#8220;Imprint&#8220; _builder_version=&#8220;3.25&#8243; locked=&#8220;off&#8220;][et_pb_column type=&#8220;4_4&#8243; _builder_version=&#8220;3.25&#8243; custom_padding=&#8220;|||&#8220; custom_padding__hover=&#8220;|||&#8220;][et_pb_text admin_label=&#8220;Title&#8220; _builder_version=&#8220;4.5.6&#8243; text_font=&#8220;||||||||&#8220; quote_font=&#8220;||||||||&#8220; header_font=&#8220;||||||||&#8220; header_2_font=&#8220;|800|||||||&#8220; header_2_font_size=&#8220;48px&#8220; header_2_line_height=&#8220;1.4em&#8220; custom_margin=&#8220;|||-40px&#8220; custom_margin_tablet=&#8220;&#8220; custom_margin_phone=&#8220;|||0px&#8220; custom_margin_last_edited=&#8220;on|phone&#8220; custom_padding=&#8220;|||30px&#8220; animation_style=&#8220;fold&#8220; animation_direction=&#8220;left&#8220; animation_intensity_fold=&#8220;5%&#8220; animation_starting_opacity=&#8220;100%&#8220; header_2_font_size_tablet=&#8220;30px&#8220; header_2_font_size_phone=&#8220;&#8220; header_2_font_size_last_edited=&#8220;on|tablet&#8220; border_color_all=&#8220;#b50000&#8243; border_width_left=&#8220;10px&#8220;]<h2>Privacy Policy<\/h2>[\/et_pb_text][\/et_pb_column][\/et_pb_row][et_pb_row admin_label=&#8220;Content&#8220; _builder_version=&#8220;3.25&#8243; custom_margin=&#8220;10px|||&#8220;][et_pb_column type=&#8220;4_4&#8243; _builder_version=&#8220;3.25&#8243; custom_padding=&#8220;|||&#8220; custom_padding__hover=&#8220;|||&#8220;][et_pb_text _builder_version=&#8220;4.5.6&#8243; _module_preset=&#8220;default&#8220;]<h3>BESUCH DER WEBSITE<\/h3>\n<p>Da beim Besuch dieser Website personenbezogene Daten anfallen, erhalten Sie hier einen \u00dcberblick, woher diese Daten kommen, wie sie verarbeitet und sp\u00e4ter gel\u00f6scht werden und welche Rechte Sie in Bezug auf diese Daten haben.<\/p>\n<p>Die verantwortliche Stelle f\u00fcr die Verarbeitung der Daten ist:<\/p>\n<div class=\"imprintResponsible ed-element\">\n<p><strong>Fluteservice<\/strong><br \/>Michael D\u00fcrk<\/p>\n<p>Birkeng\u00e4sschen 1<br \/>55411 Bingen<\/p>\n<p>Telefon: +49-(0)6721-187 887 1<br \/>E-Mail: info@michael-duerk.com<\/p>\n<\/div>\n<div id=\"c-1\">\n<div class=\"ed-element ed-text\" id=\"ed-416075\">\n<p><span><strong>UST-ID (VAT-ID): DE 286157932<\/strong>\u00a0<\/span><\/p>\n<p>Vertretungsberechtigt: Michael D\u00fcrk (Gesch\u00e4ftsf\u00fchrer)<span><\/span><\/p>\n<p><span><\/span><\/p>\n<p><span><\/span><\/p>\n<p><span><\/span><\/p>\n<\/div>\n<\/div>\n<h3>WEBBROWSER<\/h3>\n<p>Ihr Webbrowser sendet mit jedem Besuch einer Internetseite diverse Daten an den Webserver, der die aufgerufene Internetseite zur Verf\u00fcgung stellt. Im ersten Schritt fordert Ihr Webbrowser den Inhalt der aufgerufenen Seite selbst an. Danach werden s\u00e4mtliche Ressourcen (Bilder, Scripte, Informationen \u00fcber die Darstellung der Seite, Videos, Landkarten, etc.) einer Website Schritt f\u00fcr Schritt nachgeladen. Dies passiert in Sekundenbruchteilen.<\/p>\n<p>Da bei der Erstellung einer Website im Regelfall eine Vielzahl Ressourcen von unterschiedlichen Anbietern eingebunden werden, kommuniziert Ihr Webbrowser beim Aufruf einer Website also nicht nur mit uns (dem Anbieter), sondern auch mit einer Vielzahl Dritter, die die Website durch Ihre Inhalte erst vollst\u00e4ndig machen.<\/p>\n<p>F\u00fcr jede dieser oben beschriebenen Ressourcen wird eine Anfrage zu dem Anbieter der jeweiligen Ressource gesendet. Diese Anfrage enth\u00e4lt in der Regel folgende Daten:<\/p>\n<ul>\n<li>die aufgerufene Website<\/li>\n<li>den User-Agent-String (eine technische Bezeichnung f\u00fcr Ihren Webbrowser)<\/li>\n<li>die Sprache Ihres Betriebssystems<\/li>\n<li>die zuletzt aufgerufene Website<\/li>\n<li>Ihre IP-Adresse oder die IP-Adresse des von Ihnen genutzten Internetanschlusses<\/li>\n<\/ul>\n<p>Diese Daten werden im Folgenden als Metadaten bezeichnet.<\/p>\n<h3>SERVER<\/h3>\n<p>Der Webserver auf dem diese Website gespeichert ist, wird von 1&amp;1 Internet SE in Montabaur, Deutschland betrieben. Der Server steht k\u00f6rperlich in Deutschland. F\u00fcr den Betrieb dieser Website wurde ein Auftragsverarbeitungsvertrag geschlossen, der den gesetzlichen Anforderungen entspricht.<\/p>\n<h3>COOKIES<\/h3>\n<p>Unsere Website erzeugt Cookies. Diese Cookies sind kleine Identifikationsmerkmale, die unser Webserver an Ihren Webbrowser sendet. Mit Cookies k\u00f6nnen Nutzer f\u00fcr einen bestimmten Zeitraum auf einer bestimmten Website nachverfolgt werden.<\/p>\n<p>Folgende Arten von Cookies setzen wir ein:<\/p>\n<ul>\n<li>\n<h4>PERFORMANCE UND ANALYTIK<\/h4>\n<p>Mit diesen Cookies werten wir statistisch aus, wie Benutzer unsere Website besuchen. Alle Daten, die dabei erhoben werden, werden vor der Speicherung in unseren Systemen anonymisiert, so dass wir keine R\u00fcckschl\u00fcsse auf einzelne Benutzer ziehen k\u00f6nnen.<\/p>\n<p>Die Verarbeitung dieser Daten geschieht auf Basis einer Interessenabw\u00e4gung, da wir unsere Website mit diesen Daten optimieren.<\/p>\n<p>Daten zur Performance und Analytik geben wir dabei nicht an Dritte weiter. Das zugeh\u00f6rige Cookie bleibt auf Ihrem Ger\u00e4t gespeichert, bis wir es l\u00f6schen oder Sie es aktiv entfernen.<\/p>\n<p>Entfernen Sie den Haken aus dem Markierungsfeld, wenn Sie mit dem Setzen dieses Cookies und der daraus folgenden Verarbeitung Ihrer Daten nicht einverstanden sind.<\/p>\n<p>Das Entfernen des Hakens sorgt jedoch f\u00fcr die Speicherung eines anderen Cookies in Ihrem Webbrowser, das uns mitteilt, dass Sie dieser Datenverarbeitung widersprochen haben. Dieses Cookie bleibt so lange auf Ihrem Ger\u00e4t gespeichert, bis Sie es aktiv entfernen.<\/p>\n<\/li>\n<li>\n<h4>PERFORMANCE UND ANALYTIK MIT BANNER<\/h4>\n<p>Mit diesen Cookies werten wir statistisch aus, wie Benutzer unsere Website besuchen. Alle Daten, die dabei erhoben werden, werden vor der Speicherung in unseren Systemen anonymisiert, so dass wir keine R\u00fcckschl\u00fcsse auf einzelne Benutzer ziehen k\u00f6nnen.<\/p>\n<p>Die Verarbeitung dieser Daten geschieht auf Basis Ihrer Einwilligung. Diese Einwilligung k\u00f6nnen Sie jederzeit widerrufen, indem Sie die Cookies unserer Website aus Ihrem Webbrowser entfernen. Daten zur Performance und Analytik geben wir dabei nicht an Dritte weiter. Das zugeh\u00f6rige Cookie bleibt auf Ihrem Ger\u00e4t gespeichert, bis wir es l\u00f6schen oder Sie es aktiv entfernen.<\/p>\n<\/li>\n<li>\n<h4>KORREKTE FUNKTION UNSERER WEBSITE<\/h4>\n<p>Mit diesen Cookies implementieren wir Sicherheitsfunktionen f\u00fcr unsere Website und verhindern, dass beim Aufruf der Website Fehler auftreten oder Ihnen Informationen doppelt angezeigt werden.<\/p>\n<p>Die Verarbeitung dieser Daten geschieht auf Basis einer Interessenabw\u00e4gung, da wir den Besuch unserer Website f\u00fcr alle Benutzer sicher gestalten m\u00f6chten und angezeigte Fehler im Webbrowser auf ein Minimum reduzieren m\u00f6chten.<\/p>\n<p>Die Verarbeitung dieser Daten ist vollst\u00e4ndig anonymisiert.<\/p>\n<p>Diese Cookies werden entweder am Ende der Sitzung oder 30 Minuten nach dem Setzen des Cookies automatisch aus Ihrem Webbrowser entfernt. Im Falle von Cookies, die das doppelte Anzeigen von Informationen verhindern sollen, verbleibt das Cookie so lange in Ihrem Webbrowser, bis es aktiv von Ihnen gel\u00f6scht wird.<\/p>\n<\/li>\n<\/ul>\n<h3>SERVERPROTOKOLLDATEIEN<\/h3>\n<p>Wir speichern Protokolldateien auf unserem Server. Diese enthalten die unter dem Punkt \u201aWebbrowser\u2018 aufgef\u00fchrten Metadaten.<\/p>\n<p>Diese Daten verarbeiten wir auf Basis einer Interessenabw\u00e4gung, um die Sicherheit unserer Website zu gew\u00e4hrleisten, und um Fehler zu erkennen und nachverfolgen zu k\u00f6nnen.<\/p>\n<p>Diese Serverprotokolldateien werden maximal sieben Tage aufgehoben und dann automatisiert gel\u00f6scht.<\/p>\n<h3>KONTAKTFORMULAR<\/h3>\n<p>Wir stellen auf unserer Website ein Kontaktformular bereit, mit dem Sie uns Anfragen \u00fcbermitteln k\u00f6nnen. Damit wir diese Anfragen beantworten k\u00f6nnen, haben wir einige Felder als Pflichtfelder gekennzeichnet. Die Angabe dieser Daten (Name, Emailadresse, Telefonnummer, Anfragetext) ist erforderlich, damit wir Ihnen auf die Anfrage antworten k\u00f6nnen. Zus\u00e4tzlich zu den Daten, die in den Pflichtfeldern enthalten sind, erhalten wir noch Datum und Uhrzeit Ihrer Anfrage.<\/p>\n<p>Die Verarbeitung dieser Daten erfolgt nur auf Basis Ihrer Einwilligung. Diese erteilen Sie uns durch das Anklicken des Buttons \u201aAbschicken\u2018 unter unserem Kontaktformular.<\/p>\n<p>Die Daten aus dem Kontaktformular werden von uns vertraulich gehandhabt und nicht an Dritte weitergegeben.<\/p>\n<p>Wir l\u00f6schen Ihre Anfrage und die darauf folgende Konversation, wenn Ihre Anfrage von uns abschlie\u00dfend beantwortet worden ist oder sich anderweitig erledigt hat.<\/p>\n<h3>EMAILKONTAKT<\/h3>\n<p>Sie finden auf unserer Website unsere Emailadresse. \u00dcber diese k\u00f6nnen Sie jederzeit Kontakt mit uns aufnehmen.<\/p>\n<p>Alle Daten, die Sie uns in der Email zusenden, verarbeiten wir auf Basis Ihrer Einwilligung. Wenn Ihr Emailkontakt auf den Abschluss eines Vertrages abzielt, so verarbeiten wir Ihre Daten im Rahmen der Erf\u00fcllung eines Vertrages.<\/p>\n<p>Alle Daten, die Sie uns per Email zusenden, werden von uns vertraulich gehandhabt und nicht an Dritte weitergegeben.<\/p>\n<p>Wir l\u00f6schen Ihre Email und die darauffolgende Konversation, wenn Ihre Anfrage von uns abschlie\u00dfend beantwortet worden ist oder sich anderweitig erledigt hat. Wenn der Emailkontakt einem Vertragsschluss diente, so l\u00f6schen wir Ihre Email nach Erf\u00fcllung des Vertrages bzw. nach dem Ablauf gesetzlicher L\u00f6schfristen, die dem entgegenstehen k\u00f6nnten.<\/p>\n<h3>KONTAKTAUFNAHME<\/h3>\n<p>Bei der Kontaktaufnahme mit uns (z.B. per Kontaktformular, E-Mail, Telefon oder via sozialer Medien) werden die Angaben des Nutzers zur Bearbeitung der Kontaktanfrage und deren Abwicklung gem. Art. 6 Abs. 1 lit. b. (im Rahmen vertraglicher-\/vorvertraglicher Beziehungen), Art. 6 Abs. 1 lit. f. (andere Anfragen) DSGVO verarbeitet.. Die Angaben der Nutzer k\u00f6nnen in einem Customer-Relationship-Management System (\u201cCRM System\u201d) oder vergleichbarer Anfragenorganisation gespeichert werden.<\/p>\n<p>Wir l\u00f6schen die Anfragen, sofern diese nicht mehr erforderlich sind. Wir \u00fcberpr\u00fcfen die Erforderlichkeit alle zwei Jahre; Ferner gelten die gesetzlichen Archivierungspflichten.<\/p>\n<h3>WEITERE DIENSTE<\/h3>\n<p>Wir verwenden zur Bereitstellung dieser Website weitere Dienste, die ebenfalls Metadaten verarbeiten. Durch die Nutzung dieser Dienste werden wichtige Elemente der Website bereitgestellt (vgl. Ressourcen unter dem Punkt \u201aWebbrowser\u2018), ohne die eine ordentliche Funktion unserer Website nicht gew\u00e4hrleistet w\u00e4re. Diese sind:<\/p>\n<h3>GOOGLE FONTS<\/h3>\n<p>Zur Darstellung von Schriften auf unserer Website verwenden wir den Dienst \u201aGoogle Fonts\u2018. Im Rahmen des Abrufs von Daten von diesem Anbieter, werden die unter \u201aWebbrowser\u2018 genannten Metadaten an den Anbieter \u00fcbertragen.<\/p>\n<p>Diese Datenverarbeitung erfolgt auf Basis einer Interessenabw\u00e4gung, da sonst eine ordentliche Funktion unserer Website nicht gew\u00e4hrleistet w\u00e4re.<\/p>\n<p>Dieser Dienst wird bereitgestellt von: Google LLC 1600 Amphitheatre Parkway Mountain View, CA 94043 Vereinigte Staaten von Amerika<\/p>\n<p>Die Datenschutzerkl\u00e4rung zu diesem Dienst finden Sie hier: https:\/\/www.google.com\/policies\/privacy\/<\/p>\n<p>Google LLC entfernt diese Daten sp\u00e4testens 60 Tage nach dem Abruf einer Schriftdatei.<\/p>\n<p>Die Firma Google LLC befindet sich in einem Drittstaat, den Vereinigten Staaten von Amerika. Dort werden die Daten hin \u00fcbertragen und verarbeitet. Google LLC hat sich dem Abkommen \u201aPrivacy Shield\u2018 unterworfen, welches zwischen der Europ\u00e4ischen Union und den Vereinigten Staaten von Amerika besteht.<\/p>\n<h3>GOOGLE CONTENT DELIVERY NETWORK (GOOGLE HOSTED LIBRARIES)<\/h3>\n<p>Zur Einbindung von Scripts auf unserer Website verwenden wir den Dienst \u201aGoogle Hosted Libraries\u2018. Im Rahmen des Abrufs von Daten von diesem Anbieter werden die unter \u201aWebbrowser\u2018 genannten Metadaten an den Anbieter \u00fcbertragen.<\/p>\n<p>Diese Datenverarbeitung erfolgt auf Basis einer Interessenabw\u00e4gung, da sonst eine ordentliche Funktion unserer Website nicht gew\u00e4hrleistet w\u00e4re.<\/p>\n<p>Dieser Dienst wird bereitgestellt von:<br \/>Google LLC<br \/>1600 Amphitheatre Parkway<br \/>Mountain View, CA 94043<br \/>Vereinigte Staaten von Amerika<\/p>\n<p>Die Datenschutzerkl\u00e4rung zu diesem Dienst finden Sie hier: https:\/\/www.google.com\/policies\/privacy\/<\/p>\n<p>Google LLC entfernt diese Daten sp\u00e4testens 60 Tage nach dem Abruf einer Skriptdatei.<\/p>\n<p>Die Firma Google LLC befindet sich in einem Drittstaat, den Vereinigten Staaten von Amerika. Dort werden die Daten hin \u00fcbertragen und verarbeitet. Google LLC hat sich dem Abkommen \u201aPrivacy Shield\u2018 unterworfen, welches zwischen der Europ\u00e4ischen Union und den Vereinigten Staaten von Amerika besteht.<\/p>\n<h3>GOOGLE MAPS<\/h3>\n<p>Zur Darstellung von Landkarten auf unserer Website verwenden wir den Dienst \u201aGoogle Maps API\u2018. Im Rahmen des Abrufs von Daten von diesem Anbieter, werden die unter \u201aWebbrowser\u2018 genannten Metadaten an den Anbieter \u00fcbertragen.<\/p>\n<p>Diese Datenverarbeitung erfolgt auf Basis einer Interessenabw\u00e4gung, da sonst eine ordentliche Funktion unserer Website nicht gew\u00e4hrleistet w\u00e4re.<\/p>\n<p>Dieser Dienst wird bereitgestellt von:<br \/>Google LLC<br \/>1600 Amphitheatre Parkway<br \/>Mountain View, CA 94043<br \/>Vereinigte Staaten von Amerika<\/p>\n<p>Die Datenschutzerkl\u00e4rung zu diesem Dienst finden Sie hier: https:\/\/www.google.com\/policies\/privacy\/<br \/>Google LLC entfernt diese Daten sp\u00e4testens 60 Tage nach dem Abruf einer Schriftdatei.<\/p>\n<p>Die Firma Google LLC befindet sich in einem Drittstaat, den Vereinigten Staaten von Amerika. Dort werden die Daten hin \u00fcbertragen und verarbeitet. Google LLC hat sich dem Abkommen \u201aPrivacy Shield\u2018 unterworfen, welches zwischen der Europ\u00e4ischen Union und den Vereinigten Staaten von Amerika besteht.<\/p>\n<h3>IHRE RECHTE<\/h3>\n<p>Wir erteilen Ihnen unentgeltlich jederzeit Auskunft zu den von Ihnen bei uns gespeicherten Daten. Unrichtige Daten korrigieren wir ebenfalls unverz\u00fcglich, wenn Sie uns dar\u00fcber informieren.<\/p>\n<p>Wenn Sie uns eine Einwilligung zur Verarbeitung Ihrer Daten gegeben haben oder wir Ihre Daten auf Basis Ihrer Einwilligung verarbeiten, so k\u00f6nnen Sie diese jederzeit widerrufen. Wir werden Ihre Daten dann sofort l\u00f6schen und nicht weiter verarbeiten, wenn keine anderen gesetzlichen Regelungen der L\u00f6schung entgegenstehen.<\/p>\n<p>Sie k\u00f6nnen der Verarbeitung Ihrer Daten bei uns jederzeit widersprechen. Zudem haben Sie das Recht, unter bestimmten Voraussetzungen die L\u00f6schung Ihrer Daten sowie die Beschr\u00e4nkung der Verarbeitung Ihrer Daten zu verlangen.<\/p>\n<p>Ihnen stehen zudem die Rechte auf Daten\u00fcbertragbarkeit sowie das Recht auf eine nicht ausschlie\u00dflich automatisierte Entscheidung im Falle von Profiling zu.<\/p>\n<p>Wenn Sie eines dieser Rechte aus\u00fcben m\u00f6chten, dann sind wir verpflichtet, Sie \u00fcber jede Berichtigung, L\u00f6schung oder Einschr\u00e4nkung der Verarbeitung zu informieren.<\/p>\n<h3>BESCHWERDERECHT<\/h3>\n<p>Bez\u00fcglich dieser Datenverarbeitung steht Ihnen ein Beschwerderecht zu. Dieses k\u00f6nnen Sie bei der zust\u00e4ndigen Beh\u00f6rde jederzeit aus\u00fcben.<\/p>[\/et_pb_text][\/et_pb_column][\/et_pb_row][\/et_pb_section]","protected":false},"excerpt":{"rendered":"<p>Datenschutzerkl\u00e4rungBESUCH DER WEBSITE Da beim Besuch dieser Website personenbezogene Daten anfallen, erhalten Sie hier einen \u00dcberblick, woher diese Daten kommen, wie sie verarbeitet und sp\u00e4ter gel\u00f6scht werden und welche Rechte Sie in Bezug auf diese Daten haben. Die verantwortliche Stelle f\u00fcr die Verarbeitung der Daten ist: FluteserviceMichael D\u00fcrk Birkeng\u00e4sschen 155411 Bingen Telefon: +49-(0)6721-187 887 1E-Mail: [&hellip;]<\/p>","protected":false},"author":1,"featured_media":0,"parent":0,"menu_order":0,"comment_status":"closed","ping_status":"closed","template":"","meta":{"_et_pb_use_builder":"on","_et_pb_old_content":"","_et_gb_content_width":"","footnotes":""},"class_list":["post-204","page","type-page","status-publish","hentry"],"yoast_head":"<title>Datenschutzerkl\u00e4rung &#8226; fluteservice<\/title>\n<meta name=\"robots\" content=\"index, follow, max-snippet:-1, max-image-preview:large, max-video-preview:-1\" \/>\n<link rel=\"canonical\" href=\"https:\/\/fluteservice.de\/en\/datenschutzerklaerung\/\" \/>\n<meta property=\"og:locale\" content=\"en_US\" \/>\n<meta property=\"og:type\" content=\"article\" \/>\n<meta property=\"og:title\" content=\"Datenschutzerkl\u00e4rung &#8226; fluteservice\" \/>\n<meta property=\"og:description\" content=\"Datenschutzerkl\u00e4rungBESUCH DER WEBSITE Da beim Besuch dieser Website personenbezogene Daten anfallen, erhalten Sie hier einen \u00dcberblick, woher diese Daten kommen, wie sie verarbeitet und sp\u00e4ter gel\u00f6scht werden und welche Rechte Sie in Bezug auf diese Daten haben. Die verantwortliche Stelle f\u00fcr die Verarbeitung der Daten ist: FluteserviceMichael D\u00fcrk Birkeng\u00e4sschen 155411 Bingen Telefon: +49-(0)6721-187 887 1E-Mail: [&hellip;]\" \/>\n<meta property=\"og:url\" content=\"https:\/\/fluteservice.de\/en\/datenschutzerklaerung\/\" \/>\n<meta property=\"og:site_name\" content=\"fluteservice\" \/>\n<meta property=\"article:publisher\" content=\"https:\/\/www.facebook.com\/michael.duerk\/\" \/>\n<meta property=\"article:modified_time\" content=\"2020-08-21T08:34:25+00:00\" \/>\n<meta name=\"twitter:card\" content=\"summary_large_image\" \/>\n<meta name=\"twitter:label1\" content=\"Est. reading time\" \/>\n\t<meta name=\"twitter:data1\" content=\"10 minutes\" \/>\n<script type=\"application\/ld+json\" class=\"yoast-schema-graph\">{\"@context\":\"https:\/\/schema.org\",\"@graph\":[{\"@type\":\"WebPage\",\"@id\":\"https:\/\/fluteservice.de\/datenschutzerklaerung\/\",\"url\":\"https:\/\/fluteservice.de\/datenschutzerklaerung\/\",\"name\":\"Datenschutzerkl\u00e4rung &#8226; fluteservice\",\"isPartOf\":{\"@id\":\"https:\/\/fluteservice.de\/#website\"},\"datePublished\":\"2020-08-21T08:25:59+00:00\",\"dateModified\":\"2020-08-21T08:34:25+00:00\",\"breadcrumb\":{\"@id\":\"https:\/\/fluteservice.de\/datenschutzerklaerung\/#breadcrumb\"},\"inLanguage\":\"en-US\",\"potentialAction\":[{\"@type\":\"ReadAction\",\"target\":[\"https:\/\/fluteservice.de\/datenschutzerklaerung\/\"]}]},{\"@type\":\"BreadcrumbList\",\"@id\":\"https:\/\/fluteservice.de\/datenschutzerklaerung\/#breadcrumb\",\"itemListElement\":[{\"@type\":\"ListItem\",\"position\":1,\"name\":\"Home\",\"item\":\"https:\/\/fluteservice.de\/\"},{\"@type\":\"ListItem\",\"position\":2,\"name\":\"Datenschutzerkl\u00e4rung\"}]},{\"@type\":\"WebSite\",\"@id\":\"https:\/\/fluteservice.de\/#website\",\"url\":\"https:\/\/fluteservice.de\/\",\"name\":\"fluteservice\",\"description\":\"Michael D\u00fcrk - Professionelle Wartung f\u00fcr Ihr Holzblasinstrument\",\"publisher\":{\"@id\":\"https:\/\/fluteservice.de\/#organization\"},\"potentialAction\":[{\"@type\":\"SearchAction\",\"target\":{\"@type\":\"EntryPoint\",\"urlTemplate\":\"https:\/\/fluteservice.de\/?s={search_term_string}\"},\"query-input\":{\"@type\":\"PropertyValueSpecification\",\"valueRequired\":true,\"valueName\":\"search_term_string\"}}],\"inLanguage\":\"en-US\"},{\"@type\":\"Organization\",\"@id\":\"https:\/\/fluteservice.de\/#organization\",\"name\":\"Fluteservice - Michael D\u00fcrk\",\"url\":\"https:\/\/fluteservice.de\/\",\"logo\":{\"@type\":\"ImageObject\",\"inLanguage\":\"en-US\",\"@id\":\"https:\/\/fluteservice.de\/#\/schema\/logo\/image\/\",\"url\":\"https:\/\/fluteservice.de\/wp-content\/uploads\/2020\/07\/fluteservice_415.png\",\"contentUrl\":\"https:\/\/fluteservice.de\/wp-content\/uploads\/2020\/07\/fluteservice_415.png\",\"width\":215,\"height\":140,\"caption\":\"Fluteservice - Michael D\u00fcrk\"},\"image\":{\"@id\":\"https:\/\/fluteservice.de\/#\/schema\/logo\/image\/\"},\"sameAs\":[\"https:\/\/www.facebook.com\/michael.duerk\/\",\"https:\/\/www.instagram.com\/michaelduerk.fluteservice\/\"]}]}<\/script>","yoast_head_json":{"title":"Datenschutzerkl\u00e4rung &#8226; fluteservice","robots":{"index":"index","follow":"follow","max-snippet":"max-snippet:-1","max-image-preview":"max-image-preview:large","max-video-preview":"max-video-preview:-1"},"canonical":"https:\/\/fluteservice.de\/en\/datenschutzerklaerung\/","og_locale":"en_US","og_type":"article","og_title":"Datenschutzerkl\u00e4rung &#8226; fluteservice","og_description":"Datenschutzerkl\u00e4rungBESUCH DER WEBSITE Da beim Besuch dieser Website personenbezogene Daten anfallen, erhalten Sie hier einen \u00dcberblick, woher diese Daten kommen, wie sie verarbeitet und sp\u00e4ter gel\u00f6scht werden und welche Rechte Sie in Bezug auf diese Daten haben. Die verantwortliche Stelle f\u00fcr die Verarbeitung der Daten ist: FluteserviceMichael D\u00fcrk Birkeng\u00e4sschen 155411 Bingen Telefon: +49-(0)6721-187 887 1E-Mail: [&hellip;]","og_url":"https:\/\/fluteservice.de\/en\/datenschutzerklaerung\/","og_site_name":"fluteservice","article_publisher":"https:\/\/www.facebook.com\/michael.duerk\/","article_modified_time":"2020-08-21T08:34:25+00:00","twitter_card":"summary_large_image","twitter_misc":{"Est. reading time":"10 minutes"},"schema":{"@context":"https:\/\/schema.org","@graph":[{"@type":"WebPage","@id":"https:\/\/fluteservice.de\/datenschutzerklaerung\/","url":"https:\/\/fluteservice.de\/datenschutzerklaerung\/","name":"Datenschutzerkl\u00e4rung &#8226; fluteservice","isPartOf":{"@id":"https:\/\/fluteservice.de\/#website"},"datePublished":"2020-08-21T08:25:59+00:00","dateModified":"2020-08-21T08:34:25+00:00","breadcrumb":{"@id":"https:\/\/fluteservice.de\/datenschutzerklaerung\/#breadcrumb"},"inLanguage":"en-US","potentialAction":[{"@type":"ReadAction","target":["https:\/\/fluteservice.de\/datenschutzerklaerung\/"]}]},{"@type":"BreadcrumbList","@id":"https:\/\/fluteservice.de\/datenschutzerklaerung\/#breadcrumb","itemListElement":[{"@type":"ListItem","position":1,"name":"Home","item":"https:\/\/fluteservice.de\/"},{"@type":"ListItem","position":2,"name":"Datenschutzerkl\u00e4rung"}]},{"@type":"WebSite","@id":"https:\/\/fluteservice.de\/#website","url":"https:\/\/fluteservice.de\/","name":"fluteservice","description":"Michael D\u00fcrk - Professionelle Wartung f\u00fcr Ihr Holzblasinstrument","publisher":{"@id":"https:\/\/fluteservice.de\/#organization"},"potentialAction":[{"@type":"SearchAction","target":{"@type":"EntryPoint","urlTemplate":"https:\/\/fluteservice.de\/?s={search_term_string}"},"query-input":{"@type":"PropertyValueSpecification","valueRequired":true,"valueName":"search_term_string"}}],"inLanguage":"en-US"},{"@type":"Organization","@id":"https:\/\/fluteservice.de\/#organization","name":"Fluteservice - Michael D\u00fcrk","url":"https:\/\/fluteservice.de\/","logo":{"@type":"ImageObject","inLanguage":"en-US","@id":"https:\/\/fluteservice.de\/#\/schema\/logo\/image\/","url":"https:\/\/fluteservice.de\/wp-content\/uploads\/2020\/07\/fluteservice_415.png","contentUrl":"https:\/\/fluteservice.de\/wp-content\/uploads\/2020\/07\/fluteservice_415.png","width":215,"height":140,"caption":"Fluteservice - Michael D\u00fcrk"},"image":{"@id":"https:\/\/fluteservice.de\/#\/schema\/logo\/image\/"},"sameAs":["https:\/\/www.facebook.com\/michael.duerk\/","https:\/\/www.instagram.com\/michaelduerk.fluteservice\/"]}]}},"_links":{"self":[{"href":"https:\/\/fluteservice.de\/en\/wp-json\/wp\/v2\/pages\/204","targetHints":{"allow":["GET"]}}],"collection":[{"href":"https:\/\/fluteservice.de\/en\/wp-json\/wp\/v2\/pages"}],"about":[{"href":"https:\/\/fluteservice.de\/en\/wp-json\/wp\/v2\/types\/page"}],"author":[{"embeddable":true,"href":"https:\/\/fluteservice.de\/en\/wp-json\/wp\/v2\/users\/1"}],"replies":[{"embeddable":true,"href":"https:\/\/fluteservice.de\/en\/wp-json\/wp\/v2\/comments?post=204"}],"version-history":[{"count":6,"href":"https:\/\/fluteservice.de\/en\/wp-json\/wp\/v2\/pages\/204\/revisions"}],"predecessor-version":[{"id":219,"href":"https:\/\/fluteservice.de\/en\/wp-json\/wp\/v2\/pages\/204\/revisions\/219"}],"wp:attachment":[{"href":"https:\/\/fluteservice.de\/en\/wp-json\/wp\/v2\/media?parent=204"}],"curies":[{"name":"wp","href":"https:\/\/api.w.org\/{rel}","templated":true}]}}